{"id":162,"date":"2024-11-10T15:53:22","date_gmt":"2024-11-10T18:53:22","guid":{"rendered":"https:\/\/podcafenews.com.br\/site\/?page_id=162"},"modified":"2024-12-12T21:12:05","modified_gmt":"2024-12-13T00:12:05","slug":"programa-podcafe","status":"publish","type":"page","link":"https:\/\/podcafenews.com.br\/site\/programa-podcafe\/","title":{"rendered":"Programa PodCaf\u00e9"},"content":{"rendered":"<section class=\"wpb-content-wrapper\"><p>[vc_row vc_row_background=&#8221;&#8221;][vc_column width=&#8221;1\/2&#8243;][vc_video link=&#8221;https:\/\/www.youtube.com\/playlist?list=PLYTx7MbWi76Mqk02IbOOTm8WspvrFx3pW&#8221; align=&#8221;center&#8221; title=&#8221;Mais recentes&#8221;][\/vc_column][vc_column width=&#8221;1\/2&#8243;][vc_video link=&#8221;https:\/\/www.youtube.com\/playlist?list=PLYTx7MbWi76MQQtXfzDejOl6gdpThO19y&#8221; align=&#8221;center&#8221; title=&#8221;Mais acessados&#8221;][\/vc_column][\/vc_row]<\/p>\n<\/section>","protected":false},"excerpt":{"rendered":"<p>[vc_row vc_row_background=&#8221;&#8221;][vc_column width=&#8221;1\/2&#8243;][vc_video link=&#8221;https:\/\/www.youtube.com\/playlist?list=PLYTx7MbWi76Mqk02IbOOTm8WspvrFx3pW&#8221; align=&#8221;center&#8221; title=&#8221;Mais recentes&#8221;][\/vc_column][vc_column width=&#8221;1\/2&#8243;][vc_video link=&#8221;https:\/\/www.youtube.com\/playlist?list=PLYTx7MbWi76MQQtXfzDejOl6gdpThO19y&#8221; align=&#8221;center&#8221; title=&#8221;Mais acessados&#8221;][\/vc_column][\/vc_row]<\/p>\n","protected":false},"author":1,"featured_media":0,"parent":0,"menu_order":0,"comment_status":"closed","ping_status":"closed","template":"","meta":{"nf_dc_page":"","footnotes":""},"class_list":["post-162","page","type-page","status-publish","hentry"],"yoast_head":"<!-- This site is optimized with the Yoast SEO Premium plugin v26.5 (Yoast SEO v27.4) - https:\/\/yoast.com\/product\/yoast-seo-premium-wordpress\/ -->\n<title>Programa PodCaf\u00e9 - PodCaf\u00e9 News<\/title>\n<meta name=\"robots\" content=\"index, follow, max-snippet:-1, max-image-preview:large, max-video-preview:-1\" \/>\n<link rel=\"canonical\" href=\"https:\/\/podcafenews.com.br\/site\/programa-podcafe\/\" \/>\n<meta property=\"og:locale\" content=\"pt_BR\" \/>\n<meta property=\"og:type\" content=\"article\" \/>\n<meta property=\"og:title\" content=\"Programa PodCaf\u00e9\" \/>\n<meta property=\"og:description\" content=\"[vc_row vc_row_background=&#8221;&#8221;][vc_column width=&#8221;1\/2&#8243;][vc_video link=&#8221;https:\/\/www.youtube.com\/playlist?list=PLYTx7MbWi76Mqk02IbOOTm8WspvrFx3pW&#8221; align=&#8221;center&#8221; title=&#8221;Mais recentes&#8221;][\/vc_column][vc_column width=&#8221;1\/2&#8243;][vc_video link=&#8221;https:\/\/www.youtube.com\/playlist?list=PLYTx7MbWi76MQQtXfzDejOl6gdpThO19y&#8221; align=&#8221;center&#8221; title=&#8221;Mais acessados&#8221;][\/vc_column][\/vc_row]\" \/>\n<meta property=\"og:url\" content=\"https:\/\/podcafenews.com.br\/site\/programa-podcafe\/\" \/>\n<meta property=\"og:site_name\" content=\"PodCaf\u00e9 News\" \/>\n<meta property=\"article:modified_time\" content=\"2024-12-13T00:12:05+00:00\" \/>\n<meta property=\"og:image\" content=\"https:\/\/podcafenews.com.br\/site\/wp-content\/uploads\/2025\/02\/imagem_destaque1.png\" \/>\n\t<meta property=\"og:image:width\" content=\"1200\" \/>\n\t<meta property=\"og:image:height\" content=\"900\" \/>\n\t<meta property=\"og:image:type\" content=\"image\/png\" \/>\n<meta name=\"twitter:card\" content=\"summary_large_image\" \/>\n<script type=\"application\/ld+json\" class=\"yoast-schema-graph\">{\"@context\":\"https:\\\/\\\/schema.org\",\"@graph\":[{\"@type\":\"WebPage\",\"@id\":\"https:\\\/\\\/podcafenews.com.br\\\/site\\\/programa-podcafe\\\/\",\"url\":\"https:\\\/\\\/podcafenews.com.br\\\/site\\\/programa-podcafe\\\/\",\"name\":\"Programa PodCaf\u00e9 - PodCaf\u00e9 News\",\"isPartOf\":{\"@id\":\"https:\\\/\\\/podcafenews.com.br\\\/site\\\/#website\"},\"datePublished\":\"2024-11-10T18:53:22+00:00\",\"dateModified\":\"2024-12-13T00:12:05+00:00\",\"breadcrumb\":{\"@id\":\"https:\\\/\\\/podcafenews.com.br\\\/site\\\/programa-podcafe\\\/#breadcrumb\"},\"inLanguage\":\"pt-BR\",\"potentialAction\":[{\"@type\":\"ReadAction\",\"target\":[\"https:\\\/\\\/podcafenews.com.br\\\/site\\\/programa-podcafe\\\/\"]}]},{\"@type\":\"BreadcrumbList\",\"@id\":\"https:\\\/\\\/podcafenews.com.br\\\/site\\\/programa-podcafe\\\/#breadcrumb\",\"itemListElement\":[{\"@type\":\"ListItem\",\"position\":1,\"name\":\"In\u00edcio\",\"item\":\"https:\\\/\\\/podcafenews.com.br\\\/site\\\/\"},{\"@type\":\"ListItem\",\"position\":2,\"name\":\"Programa PodCaf\u00e9\"}]},{\"@type\":\"WebSite\",\"@id\":\"https:\\\/\\\/podcafenews.com.br\\\/site\\\/#website\",\"url\":\"https:\\\/\\\/podcafenews.com.br\\\/site\\\/\",\"name\":\"PodCaf\u00e9 News\",\"description\":\"De Itanh\u00e9m para o mundo\",\"publisher\":{\"@id\":\"https:\\\/\\\/podcafenews.com.br\\\/site\\\/#organization\"},\"potentialAction\":[{\"@type\":\"SearchAction\",\"target\":{\"@type\":\"EntryPoint\",\"urlTemplate\":\"https:\\\/\\\/podcafenews.com.br\\\/site\\\/?s={search_term_string}\"},\"query-input\":{\"@type\":\"PropertyValueSpecification\",\"valueRequired\":true,\"valueName\":\"search_term_string\"}}],\"inLanguage\":\"pt-BR\"},{\"@type\":\"Organization\",\"@id\":\"https:\\\/\\\/podcafenews.com.br\\\/site\\\/#organization\",\"name\":\"PodCaf\u00e9 News\",\"url\":\"https:\\\/\\\/podcafenews.com.br\\\/site\\\/\",\"logo\":{\"@type\":\"ImageObject\",\"inLanguage\":\"pt-BR\",\"@id\":\"https:\\\/\\\/podcafenews.com.br\\\/site\\\/#\\\/schema\\\/logo\\\/image\\\/\",\"url\":\"https:\\\/\\\/podcafenews.com.br\\\/site\\\/wp-content\\\/uploads\\\/2025\\\/02\\\/logomarca_podcafenews_preto.png\",\"contentUrl\":\"https:\\\/\\\/podcafenews.com.br\\\/site\\\/wp-content\\\/uploads\\\/2025\\\/02\\\/logomarca_podcafenews_preto.png\",\"width\":2128,\"height\":594,\"caption\":\"PodCaf\u00e9 News\"},\"image\":{\"@id\":\"https:\\\/\\\/podcafenews.com.br\\\/site\\\/#\\\/schema\\\/logo\\\/image\\\/\"},\"sameAs\":[\"https:\\\/\\\/www.instagram.com\\\/podcafe_oficial\",\"https:\\\/\\\/www.youtube.com\\\/@PodCafe_oficial\"],\"description\":\"O Pod Caf\u00e9 News \u00e9 uma p\u00e1gina de not\u00edcias. Informa\u00e7\u00e3o e entretenimento de maneira \u00e1gil, leve e agrad\u00e1vel para o internauta.\",\"numberOfEmployees\":{\"@type\":\"QuantitativeValue\",\"minValue\":\"1\",\"maxValue\":\"10\"}}]}<\/script>\n<!-- \/ Yoast SEO Premium plugin. -->","yoast_head_json":{"title":"Programa PodCaf\u00e9 - PodCaf\u00e9 News","robots":{"index":"index","follow":"follow","max-snippet":"max-snippet:-1","max-image-preview":"max-image-preview:large","max-video-preview":"max-video-preview:-1"},"canonical":"https:\/\/podcafenews.com.br\/site\/programa-podcafe\/","og_locale":"pt_BR","og_type":"article","og_title":"Programa PodCaf\u00e9","og_description":"[vc_row vc_row_background=&#8221;&#8221;][vc_column width=&#8221;1\/2&#8243;][vc_video link=&#8221;https:\/\/www.youtube.com\/playlist?list=PLYTx7MbWi76Mqk02IbOOTm8WspvrFx3pW&#8221; align=&#8221;center&#8221; title=&#8221;Mais recentes&#8221;][\/vc_column][vc_column width=&#8221;1\/2&#8243;][vc_video link=&#8221;https:\/\/www.youtube.com\/playlist?list=PLYTx7MbWi76MQQtXfzDejOl6gdpThO19y&#8221; align=&#8221;center&#8221; title=&#8221;Mais acessados&#8221;][\/vc_column][\/vc_row]","og_url":"https:\/\/podcafenews.com.br\/site\/programa-podcafe\/","og_site_name":"PodCaf\u00e9 News","article_modified_time":"2024-12-13T00:12:05+00:00","og_image":[{"width":1200,"height":900,"url":"https:\/\/podcafenews.com.br\/site\/wp-content\/uploads\/2025\/02\/imagem_destaque1.png","type":"image\/png"}],"twitter_card":"summary_large_image","schema":{"@context":"https:\/\/schema.org","@graph":[{"@type":"WebPage","@id":"https:\/\/podcafenews.com.br\/site\/programa-podcafe\/","url":"https:\/\/podcafenews.com.br\/site\/programa-podcafe\/","name":"Programa PodCaf\u00e9 - PodCaf\u00e9 News","isPartOf":{"@id":"https:\/\/podcafenews.com.br\/site\/#website"},"datePublished":"2024-11-10T18:53:22+00:00","dateModified":"2024-12-13T00:12:05+00:00","breadcrumb":{"@id":"https:\/\/podcafenews.com.br\/site\/programa-podcafe\/#breadcrumb"},"inLanguage":"pt-BR","potentialAction":[{"@type":"ReadAction","target":["https:\/\/podcafenews.com.br\/site\/programa-podcafe\/"]}]},{"@type":"BreadcrumbList","@id":"https:\/\/podcafenews.com.br\/site\/programa-podcafe\/#breadcrumb","itemListElement":[{"@type":"ListItem","position":1,"name":"In\u00edcio","item":"https:\/\/podcafenews.com.br\/site\/"},{"@type":"ListItem","position":2,"name":"Programa PodCaf\u00e9"}]},{"@type":"WebSite","@id":"https:\/\/podcafenews.com.br\/site\/#website","url":"https:\/\/podcafenews.com.br\/site\/","name":"PodCaf\u00e9 News","description":"De Itanh\u00e9m para o mundo","publisher":{"@id":"https:\/\/podcafenews.com.br\/site\/#organization"},"potentialAction":[{"@type":"SearchAction","target":{"@type":"EntryPoint","urlTemplate":"https:\/\/podcafenews.com.br\/site\/?s={search_term_string}"},"query-input":{"@type":"PropertyValueSpecification","valueRequired":true,"valueName":"search_term_string"}}],"inLanguage":"pt-BR"},{"@type":"Organization","@id":"https:\/\/podcafenews.com.br\/site\/#organization","name":"PodCaf\u00e9 News","url":"https:\/\/podcafenews.com.br\/site\/","logo":{"@type":"ImageObject","inLanguage":"pt-BR","@id":"https:\/\/podcafenews.com.br\/site\/#\/schema\/logo\/image\/","url":"https:\/\/podcafenews.com.br\/site\/wp-content\/uploads\/2025\/02\/logomarca_podcafenews_preto.png","contentUrl":"https:\/\/podcafenews.com.br\/site\/wp-content\/uploads\/2025\/02\/logomarca_podcafenews_preto.png","width":2128,"height":594,"caption":"PodCaf\u00e9 News"},"image":{"@id":"https:\/\/podcafenews.com.br\/site\/#\/schema\/logo\/image\/"},"sameAs":["https:\/\/www.instagram.com\/podcafe_oficial","https:\/\/www.youtube.com\/@PodCafe_oficial"],"description":"O Pod Caf\u00e9 News \u00e9 uma p\u00e1gina de not\u00edcias. Informa\u00e7\u00e3o e entretenimento de maneira \u00e1gil, leve e agrad\u00e1vel para o internauta.","numberOfEmployees":{"@type":"QuantitativeValue","minValue":"1","maxValue":"10"}}]}},"_links":{"self":[{"href":"https:\/\/podcafenews.com.br\/site\/wp-json\/wp\/v2\/pages\/162","targetHints":{"allow":["GET"]}}],"collection":[{"href":"https:\/\/podcafenews.com.br\/site\/wp-json\/wp\/v2\/pages"}],"about":[{"href":"https:\/\/podcafenews.com.br\/site\/wp-json\/wp\/v2\/types\/page"}],"author":[{"embeddable":true,"href":"https:\/\/podcafenews.com.br\/site\/wp-json\/wp\/v2\/users\/1"}],"replies":[{"embeddable":true,"href":"https:\/\/podcafenews.com.br\/site\/wp-json\/wp\/v2\/comments?post=162"}],"version-history":[{"count":5,"href":"https:\/\/podcafenews.com.br\/site\/wp-json\/wp\/v2\/pages\/162\/revisions"}],"predecessor-version":[{"id":548,"href":"https:\/\/podcafenews.com.br\/site\/wp-json\/wp\/v2\/pages\/162\/revisions\/548"}],"wp:attachment":[{"href":"https:\/\/podcafenews.com.br\/site\/wp-json\/wp\/v2\/media?parent=162"}],"curies":[{"name":"wp","href":"https:\/\/api.w.org\/{rel}","templated":true}]}}